{"id":12242,"date":"2024-05-04T21:21:31","date_gmt":"2024-05-04T19:21:31","guid":{"rendered":"https:\/\/www.meks.ch\/wp\/?page_id=12242"},"modified":"2024-12-24T11:14:45","modified_gmt":"2024-12-24T10:14:45","slug":"klubreise-2024","status":"publish","type":"page","link":"https:\/\/www.meks.ch\/wp\/programm\/reisen\/klubreise-2024\/","title":{"rendered":"Klubreise 2024"},"content":{"rendered":"\r\n\r\n\r\n<p style=\"text-align: left;\">mna &amp; any \/ Am Samstag, dem 4. Mai 2024, konnten wir nach der langen Corona-Pause endlich wieder eine Klubreise unternehmen. Unser Ziel war Brittnau-Wikon. Auf dem Weg dorthin legten wir in Luzern eine Pause mit Kaffee und Gipfeli ein.<br>Den Auftakt unseres Ausflugs bildete ein gemeinsames Mittagessen im Restaurant Schlossberg Wikon, wo jeder etwas Passendes f\u00fcr sich fand. Gest\u00e4rkt ging es anschlie\u00dfend weiter zum <a href=\"https:\/\/www.erlebnisbahnhof.ch\/\" target=\"_blank\" rel=\"noopener\">Erlebnisbahnhof Brittnau-Wikon<\/a>, wo uns Beat H\u00fcrzeler herzlich empfing und eine spannende F\u00fchrung durch die Anlage machte.<br>Wir hatten die Gelegenheit, verschiedene historische Stellwerktypen sowie alte Verkaufssysteme aus der Zeit vor der Einf\u00fchrung des PCs zu bestaunen. Der Verein <a href=\"https:\/\/www.erlebnisbahnhof.ch\/\" target=\"_blank\" rel=\"noopener\">Erlebnisbahnhof Brittnau-Wikon<\/a> setzt sich daf\u00fcr ein, diese Anlagen betriebsbereit zu erhalten, genau so, wie sie einst bei der SBB im Einsatz waren. Dieser praktische Ansatz unterscheidet den Erlebnisbahnhof von einem klassischen Museum, da die historischen Systeme weiterhin funktionsf\u00e4hig sind.<br>Der Tag bot nicht nur interessante Einblicke, sondern auch Zeit f\u00fcr gute Gespr\u00e4che und gemeinsame Erlebnisse bei passendem Wetter.<\/p>\r\n\r\n\r\n\r\n\r\n\r\n<p><strong>Bilderschau<br><\/strong>Fotos von rla, hzm und ona<strong><br><\/strong><\/p>\r\nngg_shortcode_0_placeholder\r\n\r\n\r\n\r\n\r\n","protected":false},"excerpt":{"rendered":"<p>mna &amp; any \/ Am Samstag, dem 4. Mai 2024, konnten wir nach der langen Corona-Pause endlich wieder eine Klubreise unternehmen. Unser Ziel war Brittnau-Wikon. Auf dem Weg dorthin legten wir in Luzern eine Pause mit Kaffee und Gipfeli ein.Den Auftakt unseres Ausflugs bildete ein gemeinsames Mittagessen im Restaurant Schlossberg Wikon, wo jeder etwas Passendes &hellip; <\/p>\n<p class=\"link-more\"><a href=\"https:\/\/www.meks.ch\/wp\/programm\/reisen\/klubreise-2024\/\" class=\"more-link\"><span class=\"screen-reader-text\">\u201eKlubreise 2024\u201c <\/span>weiterlesen<\/a><\/p>\n","protected":false},"author":1,"featured_media":12248,"parent":105,"menu_order":0,"comment_status":"closed","ping_status":"closed","template":"","meta":{"ngg_post_thumbnail":0,"jetpack_post_was_ever_published":false,"footnotes":""},"class_list":["post-12242","page","type-page","status-publish","has-post-thumbnail","hentry"],"yoast_head":"<!-- This site is optimized with the Yoast SEO plugin v27.5 - https:\/\/yoast.com\/product\/yoast-seo-wordpress\/ -->\n<title>Klubreise 2024 - Modelleisenbahnklub Schaffhausen<\/title>\n<meta name=\"robots\" content=\"index, follow, max-snippet:-1, max-image-preview:large, max-video-preview:-1\" \/>\n<link rel=\"canonical\" href=\"https:\/\/www.meks.ch\/wp\/programm\/reisen\/klubreise-2024\/\" \/>\n<meta property=\"og:locale\" content=\"de_DE\" \/>\n<meta property=\"og:type\" content=\"article\" \/>\n<meta property=\"og:title\" content=\"Klubreise 2024 - Modelleisenbahnklub Schaffhausen\" \/>\n<meta property=\"og:description\" content=\"mna &amp; any \/ Am Samstag, dem 4. Mai 2024, konnten wir nach der langen Corona-Pause endlich wieder eine Klubreise unternehmen. Unser Ziel war Brittnau-Wikon. Auf dem Weg dorthin legten wir in Luzern eine Pause mit Kaffee und Gipfeli ein.Den Auftakt unseres Ausflugs bildete ein gemeinsames Mittagessen im Restaurant Schlossberg Wikon, wo jeder etwas Passendes &hellip; \u201eKlubreise 2024\u201c weiterlesen\" \/>\n<meta property=\"og:url\" content=\"https:\/\/www.meks.ch\/wp\/programm\/reisen\/klubreise-2024\/\" \/>\n<meta property=\"og:site_name\" content=\"Modelleisenbahnklub Schaffhausen\" \/>\n<meta property=\"article:publisher\" content=\"https:\/\/www.facebook.com\/meksschaffhausen\/\" \/>\n<meta property=\"article:modified_time\" content=\"2024-12-24T10:14:45+00:00\" \/>\n<meta property=\"og:image\" content=\"https:\/\/www.meks.ch\/wp\/wp-content\/uploads\/2024\/05\/brittnau1000.jpg\" \/>\n\t<meta property=\"og:image:width\" content=\"1000\" \/>\n\t<meta property=\"og:image:height\" content=\"500\" \/>\n\t<meta property=\"og:image:type\" content=\"image\/jpeg\" \/>\n<meta name=\"twitter:card\" content=\"summary_large_image\" \/>\n<meta name=\"twitter:site\" content=\"@MEKS_Modellbahn\" \/>\n<meta name=\"twitter:label1\" content=\"Gesch\u00e4tzte Lesezeit\" \/>\n\t<meta name=\"twitter:data1\" content=\"2\u00a0Minuten\" \/>\n<script type=\"application\/ld+json\" class=\"yoast-schema-graph\">{\"@context\":\"https:\\\/\\\/schema.org\",\"@graph\":[{\"@type\":\"WebPage\",\"@id\":\"https:\\\/\\\/www.meks.ch\\\/wp\\\/programm\\\/reisen\\\/klubreise-2024\\\/\",\"url\":\"https:\\\/\\\/www.meks.ch\\\/wp\\\/programm\\\/reisen\\\/klubreise-2024\\\/\",\"name\":\"Klubreise 2024 - Modelleisenbahnklub Schaffhausen\",\"isPartOf\":{\"@id\":\"https:\\\/\\\/www.meks.ch\\\/wp\\\/#website\"},\"primaryImageOfPage\":{\"@id\":\"https:\\\/\\\/www.meks.ch\\\/wp\\\/programm\\\/reisen\\\/klubreise-2024\\\/#primaryimage\"},\"image\":{\"@id\":\"https:\\\/\\\/www.meks.ch\\\/wp\\\/programm\\\/reisen\\\/klubreise-2024\\\/#primaryimage\"},\"thumbnailUrl\":\"https:\\\/\\\/i0.wp.com\\\/www.meks.ch\\\/wp\\\/wp-content\\\/uploads\\\/2024\\\/05\\\/brittnau1000.jpg?fit=1000%2C500&ssl=1\",\"datePublished\":\"2024-05-04T19:21:31+00:00\",\"dateModified\":\"2024-12-24T10:14:45+00:00\",\"breadcrumb\":{\"@id\":\"https:\\\/\\\/www.meks.ch\\\/wp\\\/programm\\\/reisen\\\/klubreise-2024\\\/#breadcrumb\"},\"inLanguage\":\"de\",\"potentialAction\":[{\"@type\":\"ReadAction\",\"target\":[\"https:\\\/\\\/www.meks.ch\\\/wp\\\/programm\\\/reisen\\\/klubreise-2024\\\/\"]}]},{\"@type\":\"ImageObject\",\"inLanguage\":\"de\",\"@id\":\"https:\\\/\\\/www.meks.ch\\\/wp\\\/programm\\\/reisen\\\/klubreise-2024\\\/#primaryimage\",\"url\":\"https:\\\/\\\/i0.wp.com\\\/www.meks.ch\\\/wp\\\/wp-content\\\/uploads\\\/2024\\\/05\\\/brittnau1000.jpg?fit=1000%2C500&ssl=1\",\"contentUrl\":\"https:\\\/\\\/i0.wp.com\\\/www.meks.ch\\\/wp\\\/wp-content\\\/uploads\\\/2024\\\/05\\\/brittnau1000.jpg?fit=1000%2C500&ssl=1\",\"width\":1000,\"height\":500},{\"@type\":\"BreadcrumbList\",\"@id\":\"https:\\\/\\\/www.meks.ch\\\/wp\\\/programm\\\/reisen\\\/klubreise-2024\\\/#breadcrumb\",\"itemListElement\":[{\"@type\":\"ListItem\",\"position\":1,\"name\":\"Startseite\",\"item\":\"https:\\\/\\\/www.meks.ch\\\/wp\\\/\"},{\"@type\":\"ListItem\",\"position\":2,\"name\":\"Programm\",\"item\":\"https:\\\/\\\/www.meks.ch\\\/wp\\\/programm\\\/\"},{\"@type\":\"ListItem\",\"position\":3,\"name\":\"Reisen\",\"item\":\"https:\\\/\\\/www.meks.ch\\\/wp\\\/programm\\\/reisen\\\/\"},{\"@type\":\"ListItem\",\"position\":4,\"name\":\"Klubreise 2024\"}]},{\"@type\":\"WebSite\",\"@id\":\"https:\\\/\\\/www.meks.ch\\\/wp\\\/#website\",\"url\":\"https:\\\/\\\/www.meks.ch\\\/wp\\\/\",\"name\":\"Modelleisenbahnklub Schaffhausen\",\"description\":\"Modelleisenbahn in Spur N, H0m, H0 &amp; IIm\",\"publisher\":{\"@id\":\"https:\\\/\\\/www.meks.ch\\\/wp\\\/#organization\"},\"potentialAction\":[{\"@type\":\"SearchAction\",\"target\":{\"@type\":\"EntryPoint\",\"urlTemplate\":\"https:\\\/\\\/www.meks.ch\\\/wp\\\/?s={search_term_string}\"},\"query-input\":{\"@type\":\"PropertyValueSpecification\",\"valueRequired\":true,\"valueName\":\"search_term_string\"}}],\"inLanguage\":\"de\"},{\"@type\":\"Organization\",\"@id\":\"https:\\\/\\\/www.meks.ch\\\/wp\\\/#organization\",\"name\":\"MEKS Modelleisenbahnklub Schaffhausen\",\"url\":\"https:\\\/\\\/www.meks.ch\\\/wp\\\/\",\"logo\":{\"@type\":\"ImageObject\",\"inLanguage\":\"de\",\"@id\":\"https:\\\/\\\/www.meks.ch\\\/wp\\\/#\\\/schema\\\/logo\\\/image\\\/\",\"url\":\"https:\\\/\\\/i1.wp.com\\\/www.meks.ch\\\/wp\\\/wp-content\\\/uploads\\\/2018\\\/05\\\/mekslogoquadratisch-2-1.jpg?fit=392%2C392&ssl=1\",\"contentUrl\":\"https:\\\/\\\/i1.wp.com\\\/www.meks.ch\\\/wp\\\/wp-content\\\/uploads\\\/2018\\\/05\\\/mekslogoquadratisch-2-1.jpg?fit=392%2C392&ssl=1\",\"width\":392,\"height\":392,\"caption\":\"MEKS Modelleisenbahnklub Schaffhausen\"},\"image\":{\"@id\":\"https:\\\/\\\/www.meks.ch\\\/wp\\\/#\\\/schema\\\/logo\\\/image\\\/\"},\"sameAs\":[\"https:\\\/\\\/www.facebook.com\\\/meksschaffhausen\\\/\",\"https:\\\/\\\/x.com\\\/MEKS_Modellbahn\"]}]}<\/script>\n<!-- \/ Yoast SEO plugin. -->","yoast_head_json":{"title":"Klubreise 2024 - Modelleisenbahnklub Schaffhausen","robots":{"index":"index","follow":"follow","max-snippet":"max-snippet:-1","max-image-preview":"max-image-preview:large","max-video-preview":"max-video-preview:-1"},"canonical":"https:\/\/www.meks.ch\/wp\/programm\/reisen\/klubreise-2024\/","og_locale":"de_DE","og_type":"article","og_title":"Klubreise 2024 - Modelleisenbahnklub Schaffhausen","og_description":"mna &amp; any \/ Am Samstag, dem 4. Mai 2024, konnten wir nach der langen Corona-Pause endlich wieder eine Klubreise unternehmen. Unser Ziel war Brittnau-Wikon. Auf dem Weg dorthin legten wir in Luzern eine Pause mit Kaffee und Gipfeli ein.Den Auftakt unseres Ausflugs bildete ein gemeinsames Mittagessen im Restaurant Schlossberg Wikon, wo jeder etwas Passendes &hellip; \u201eKlubreise 2024\u201c weiterlesen","og_url":"https:\/\/www.meks.ch\/wp\/programm\/reisen\/klubreise-2024\/","og_site_name":"Modelleisenbahnklub Schaffhausen","article_publisher":"https:\/\/www.facebook.com\/meksschaffhausen\/","article_modified_time":"2024-12-24T10:14:45+00:00","og_image":[{"width":1000,"height":500,"url":"https:\/\/www.meks.ch\/wp\/wp-content\/uploads\/2024\/05\/brittnau1000.jpg","type":"image\/jpeg"}],"twitter_card":"summary_large_image","twitter_site":"@MEKS_Modellbahn","twitter_misc":{"Gesch\u00e4tzte Lesezeit":"2\u00a0Minuten"},"schema":{"@context":"https:\/\/schema.org","@graph":[{"@type":"WebPage","@id":"https:\/\/www.meks.ch\/wp\/programm\/reisen\/klubreise-2024\/","url":"https:\/\/www.meks.ch\/wp\/programm\/reisen\/klubreise-2024\/","name":"Klubreise 2024 - Modelleisenbahnklub Schaffhausen","isPartOf":{"@id":"https:\/\/www.meks.ch\/wp\/#website"},"primaryImageOfPage":{"@id":"https:\/\/www.meks.ch\/wp\/programm\/reisen\/klubreise-2024\/#primaryimage"},"image":{"@id":"https:\/\/www.meks.ch\/wp\/programm\/reisen\/klubreise-2024\/#primaryimage"},"thumbnailUrl":"https:\/\/i0.wp.com\/www.meks.ch\/wp\/wp-content\/uploads\/2024\/05\/brittnau1000.jpg?fit=1000%2C500&ssl=1","datePublished":"2024-05-04T19:21:31+00:00","dateModified":"2024-12-24T10:14:45+00:00","breadcrumb":{"@id":"https:\/\/www.meks.ch\/wp\/programm\/reisen\/klubreise-2024\/#breadcrumb"},"inLanguage":"de","potentialAction":[{"@type":"ReadAction","target":["https:\/\/www.meks.ch\/wp\/programm\/reisen\/klubreise-2024\/"]}]},{"@type":"ImageObject","inLanguage":"de","@id":"https:\/\/www.meks.ch\/wp\/programm\/reisen\/klubreise-2024\/#primaryimage","url":"https:\/\/i0.wp.com\/www.meks.ch\/wp\/wp-content\/uploads\/2024\/05\/brittnau1000.jpg?fit=1000%2C500&ssl=1","contentUrl":"https:\/\/i0.wp.com\/www.meks.ch\/wp\/wp-content\/uploads\/2024\/05\/brittnau1000.jpg?fit=1000%2C500&ssl=1","width":1000,"height":500},{"@type":"BreadcrumbList","@id":"https:\/\/www.meks.ch\/wp\/programm\/reisen\/klubreise-2024\/#breadcrumb","itemListElement":[{"@type":"ListItem","position":1,"name":"Startseite","item":"https:\/\/www.meks.ch\/wp\/"},{"@type":"ListItem","position":2,"name":"Programm","item":"https:\/\/www.meks.ch\/wp\/programm\/"},{"@type":"ListItem","position":3,"name":"Reisen","item":"https:\/\/www.meks.ch\/wp\/programm\/reisen\/"},{"@type":"ListItem","position":4,"name":"Klubreise 2024"}]},{"@type":"WebSite","@id":"https:\/\/www.meks.ch\/wp\/#website","url":"https:\/\/www.meks.ch\/wp\/","name":"Modelleisenbahnklub Schaffhausen","description":"Modelleisenbahn in Spur N, H0m, H0 &amp; IIm","publisher":{"@id":"https:\/\/www.meks.ch\/wp\/#organization"},"potentialAction":[{"@type":"SearchAction","target":{"@type":"EntryPoint","urlTemplate":"https:\/\/www.meks.ch\/wp\/?s={search_term_string}"},"query-input":{"@type":"PropertyValueSpecification","valueRequired":true,"valueName":"search_term_string"}}],"inLanguage":"de"},{"@type":"Organization","@id":"https:\/\/www.meks.ch\/wp\/#organization","name":"MEKS Modelleisenbahnklub Schaffhausen","url":"https:\/\/www.meks.ch\/wp\/","logo":{"@type":"ImageObject","inLanguage":"de","@id":"https:\/\/www.meks.ch\/wp\/#\/schema\/logo\/image\/","url":"https:\/\/i1.wp.com\/www.meks.ch\/wp\/wp-content\/uploads\/2018\/05\/mekslogoquadratisch-2-1.jpg?fit=392%2C392&ssl=1","contentUrl":"https:\/\/i1.wp.com\/www.meks.ch\/wp\/wp-content\/uploads\/2018\/05\/mekslogoquadratisch-2-1.jpg?fit=392%2C392&ssl=1","width":392,"height":392,"caption":"MEKS Modelleisenbahnklub Schaffhausen"},"image":{"@id":"https:\/\/www.meks.ch\/wp\/#\/schema\/logo\/image\/"},"sameAs":["https:\/\/www.facebook.com\/meksschaffhausen\/","https:\/\/x.com\/MEKS_Modellbahn"]}]}},"jetpack_sharing_enabled":true,"jetpack_shortlink":"https:\/\/wp.me\/Pa9lbR-3bs","_links":{"self":[{"href":"https:\/\/www.meks.ch\/wp\/wp-json\/wp\/v2\/pages\/12242","targetHints":{"allow":["GET"]}}],"collection":[{"href":"https:\/\/www.meks.ch\/wp\/wp-json\/wp\/v2\/pages"}],"about":[{"href":"https:\/\/www.meks.ch\/wp\/wp-json\/wp\/v2\/types\/page"}],"author":[{"embeddable":true,"href":"https:\/\/www.meks.ch\/wp\/wp-json\/wp\/v2\/users\/1"}],"replies":[{"embeddable":true,"href":"https:\/\/www.meks.ch\/wp\/wp-json\/wp\/v2\/comments?post=12242"}],"version-history":[{"count":29,"href":"https:\/\/www.meks.ch\/wp\/wp-json\/wp\/v2\/pages\/12242\/revisions"}],"predecessor-version":[{"id":12834,"href":"https:\/\/www.meks.ch\/wp\/wp-json\/wp\/v2\/pages\/12242\/revisions\/12834"}],"up":[{"embeddable":true,"href":"https:\/\/www.meks.ch\/wp\/wp-json\/wp\/v2\/pages\/105"}],"wp:featuredmedia":[{"embeddable":true,"href":"https:\/\/www.meks.ch\/wp\/wp-json\/wp\/v2\/media\/12248"}],"wp:attachment":[{"href":"https:\/\/www.meks.ch\/wp\/wp-json\/wp\/v2\/media?parent=12242"}],"curies":[{"name":"wp","href":"https:\/\/api.w.org\/{rel}","templated":true}]}}