{"id":8258,"date":"2019-05-12T11:13:48","date_gmt":"2019-05-12T09:13:48","guid":{"rendered":"https:\/\/www.meks.ch\/wp\/?page_id=8258"},"modified":"2026-04-05T18:21:32","modified_gmt":"2026-04-05T16:21:32","slug":"aktuelles","status":"publish","type":"page","link":"https:\/\/www.meks.ch\/wp\/meks\/aktuelles\/","title":{"rendered":"Aktuell im MEKS"},"content":{"rendered":"<h3><\/h3>\r\n<p>Dank Grosseinsatz von Othmar, Matthias und Fredi w\u00e4chst<br>die neue H0\/H0m-Anlage mit Riesenschritten!<br>Sie war bei diversen Grossanl\u00e4ssen im Einsatz und bew\u00e4hrte sich sehr gut.<br>Zur Zeit ist der Fahrbetrieb eingestellt. <br>N\u00e4chstes Ziel: Besuchstage vom 29.\/30. August.<\/p>\r\n<figure id=\"attachment_13652\" aria-describedby=\"caption-attachment-13652\" style=\"width: 400px\" class=\"wp-caption alignleft\"><a href=\"https:\/\/i0.wp.com\/www.meks.ch\/wp\/wp-content\/uploads\/2026\/03\/12CF49BD-7B9D-4F2D-8BA0-3ACEBEA6ED11_1_105_c.jpeg?ssl=1\" target=\"_blank\" rel=\"noopener\"><img data-recalc-dims=\"1\" loading=\"lazy\" decoding=\"async\" class=\"wp-image-13652 size-medium\" src=\"https:\/\/i0.wp.com\/www.meks.ch\/wp\/wp-content\/uploads\/2026\/03\/12CF49BD-7B9D-4F2D-8BA0-3ACEBEA6ED11_1_105_c.jpeg?resize=400%2C224&#038;ssl=1\" alt=\"H0\/H0m: Tag der Modelleisenbahn 2025\" width=\"400\" height=\"224\" srcset=\"https:\/\/i0.wp.com\/www.meks.ch\/wp\/wp-content\/uploads\/2026\/03\/12CF49BD-7B9D-4F2D-8BA0-3ACEBEA6ED11_1_105_c.jpeg?resize=400%2C224&amp;ssl=1 400w, https:\/\/i0.wp.com\/www.meks.ch\/wp\/wp-content\/uploads\/2026\/03\/12CF49BD-7B9D-4F2D-8BA0-3ACEBEA6ED11_1_105_c.jpeg?resize=1000%2C561&amp;ssl=1 1000w, https:\/\/i0.wp.com\/www.meks.ch\/wp\/wp-content\/uploads\/2026\/03\/12CF49BD-7B9D-4F2D-8BA0-3ACEBEA6ED11_1_105_c.jpeg?resize=768%2C431&amp;ssl=1 768w, https:\/\/i0.wp.com\/www.meks.ch\/wp\/wp-content\/uploads\/2026\/03\/12CF49BD-7B9D-4F2D-8BA0-3ACEBEA6ED11_1_105_c.jpeg?w=1184&amp;ssl=1 1184w, https:\/\/i0.wp.com\/www.meks.ch\/wp\/wp-content\/uploads\/2026\/03\/12CF49BD-7B9D-4F2D-8BA0-3ACEBEA6ED11_1_105_c.jpeg?w=1050&amp;ssl=1 1050w\" sizes=\"auto, (max-width: 400px) 100vw, 400px\" \/><\/a><figcaption id=\"caption-attachment-13652\" class=\"wp-caption-text\">H0\/H0m: Tag der Modelleisenbahn 2025<\/figcaption><\/figure>\r\n<p>&nbsp;<\/p>\r\n<p>&nbsp;<\/p>\r\n<p>&nbsp;<\/p>\r\n<p>&nbsp;<\/p>\r\n<p>&nbsp;<\/p>\r\n<p>&nbsp;<\/p>\r\n<p>&nbsp;<\/p>\r\n<p>&nbsp;<\/p>\r\n<p style=\"text-align: left;\">* * * * * * * * * * * * *<\/p>\r\n<div>\r\n<h2><b>Beschluss der Generalversammlung 2026<br>f\u00fcr G\u00f6nner und Passive:<\/b><\/h2>\r\n<\/div>\r\n<div>\r\n<p><b><span style=\"color: #993300;\">F\u00fcr G\u00f6nner- und Passivmitglieder <\/span>werden<br><span style=\"color: #993300;\">spezielle Fahrabende<\/span> durchgef\u00fchrt:<\/b><\/p>\r\n<\/div>\r\n<div>\r\n<p><span style=\"color: #993300;\">\u2794 <b>Freitag 15.05.26 auf den Anlagen IIm und N<br><\/b>\u2794 <b>Freitag 18.09.26 auf den Anlagen&nbsp;IIm, N und H0 (ohne H0m)<\/b><\/span><\/p>\r\n<\/div>\r\n<div>\r\n<p><b>Eine Anmeldung beim Anlagenchef ist erforderlich!<\/b><\/p>\r\n<\/div>\r\n<div>\r\n<p><b><span style=\"color: #993300;\">An den anderen Fahrabenden<\/span> und an Bauabenden ist f\u00fcr<br>Passiv- <\/b><b>und G\u00f6nnermitglieder <span style=\"color: #993300;\">kein Fahrbetrieb.<\/span><\/b><\/p>\r\n<\/div>\r\n<p>&nbsp;<\/p>\r\n<p>* * * * * * * * * * * * *<\/p>\r\n<p><strong>Letzte Veranstaltungen:<br><\/strong>27. M\u00e4rz 2026: Generalversammlung<br>6. M\u00e4rz 2026: Informationen f\u00fcr Aktiv-Mitglieder<strong><br><\/strong>30. Jan. 2027: Fahrabend mit Besuchern aus B\u00fclach und Kreuzlingen<strong><br><\/strong>23. Jan. 2027: <a href=\"https:\/\/www.meks.ch\/wp\/programm\/veranstaltungen\/besuche\/besuch_eaks-2026-1\/\">Besuch EAKS beim MEKS<\/a><strong><br><\/strong>5. Dez. 2025: Jahres-Schlussfeier mit Fondue<br>30. Nov. 2025: <a href=\"https:\/\/www.meks.ch\/wp\/programm\/besuchstage\/tag-der-modellbahn\/\">Internat. Tag der Modelleisenbahn<\/a><strong><br><\/strong>5. Sept. 2025: Info-Besprechung fu\u0308r Aktiv-Mitglieder<br>30. Mai 2025: Besuch <a href=\"https:\/\/www.meks.ch\/wp\/programm\/veranstaltungen\/besuche\/besuch-in-wilchingen-2025\/\" rel=\"noopener\">Spur-1-Anlage, Kurt Habl\u00fctzel, Wilchingen<\/a><br><br>* * * * * * * * * * *<\/p>\r\n<h2><span style=\"color: #000000;\"><strong>Neues bei unseren Modellbahn-Anlagen:<\/strong><\/span><\/h2>\r\n<p>Es wird immer weitergebaut, denn<br><span style=\"color: #81090d;\"><strong>e<\/strong><\/span><span style=\"color: #81090d;\"><strong>ine Modellbahnanlage ist NIE fertig !<\/strong><\/span><\/p>\r\n<p style=\"text-align: left;\">&nbsp;<\/p>\r\n<figure id=\"attachment_13359\" aria-describedby=\"caption-attachment-13359\" style=\"width: 400px\" class=\"wp-caption alignleft\"><a href=\"https:\/\/i0.wp.com\/www.meks.ch\/wp\/wp-content\/uploads\/2025\/11\/IMG_4558-scaled.jpeg?ssl=1\" target=\"_blank\" rel=\"noopener noreferrer\"><img data-recalc-dims=\"1\" loading=\"lazy\" decoding=\"async\" class=\"wp-image-13359 size-medium\" src=\"https:\/\/i0.wp.com\/www.meks.ch\/wp\/wp-content\/uploads\/2025\/11\/IMG_4558.jpeg?resize=400%2C225&#038;ssl=1\" alt=\"IIm: neuer Bahnhof\" width=\"400\" height=\"225\" srcset=\"https:\/\/i0.wp.com\/www.meks.ch\/wp\/wp-content\/uploads\/2025\/11\/IMG_4558-scaled.jpeg?resize=400%2C225&amp;ssl=1 400w, https:\/\/i0.wp.com\/www.meks.ch\/wp\/wp-content\/uploads\/2025\/11\/IMG_4558-scaled.jpeg?resize=1000%2C563&amp;ssl=1 1000w, https:\/\/i0.wp.com\/www.meks.ch\/wp\/wp-content\/uploads\/2025\/11\/IMG_4558-scaled.jpeg?resize=768%2C432&amp;ssl=1 768w, https:\/\/i0.wp.com\/www.meks.ch\/wp\/wp-content\/uploads\/2025\/11\/IMG_4558-scaled.jpeg?resize=1536%2C864&amp;ssl=1 1536w, https:\/\/i0.wp.com\/www.meks.ch\/wp\/wp-content\/uploads\/2025\/11\/IMG_4558-scaled.jpeg?resize=2048%2C1152&amp;ssl=1 2048w, https:\/\/i0.wp.com\/www.meks.ch\/wp\/wp-content\/uploads\/2025\/11\/IMG_4558-scaled.jpeg?w=1050&amp;ssl=1 1050w\" sizes=\"auto, (max-width: 400px) 100vw, 400px\" \/><\/a><figcaption id=\"caption-attachment-13359\" class=\"wp-caption-text\">IIm: neuer Bahnhof von mwe<\/figcaption><\/figure>\r\n<p>&nbsp;<\/p>\r\n<p>&nbsp;<\/p>\r\n<p>&nbsp;<\/p>\r\n<p>&nbsp;<\/p>\r\n<p>&nbsp;<\/p>\r\n<p>&nbsp;<\/p>\r\n<p>&nbsp;<\/p>\r\n<figure id=\"attachment_13626\" aria-describedby=\"caption-attachment-13626\" style=\"width: 400px\" class=\"wp-caption alignleft\"><a href=\"https:\/\/i0.wp.com\/www.meks.ch\/wp\/wp-content\/uploads\/2026\/02\/H0-Bahnhof-neu-mn-scaled.jpg?ssl=1\" target=\"_blank\" rel=\"noopener\"><img data-recalc-dims=\"1\" loading=\"lazy\" decoding=\"async\" class=\"wp-image-13626 size-medium\" src=\"https:\/\/i0.wp.com\/www.meks.ch\/wp\/wp-content\/uploads\/2026\/02\/H0-Bahnhof-neu-mn.jpg?resize=400%2C104&#038;ssl=1\" alt=\"H0: neuer H0-Bahnhof von Matthias Nil\" width=\"400\" height=\"104\" srcset=\"https:\/\/i0.wp.com\/www.meks.ch\/wp\/wp-content\/uploads\/2026\/02\/H0-Bahnhof-neu-mn-scaled.jpg?resize=400%2C104&amp;ssl=1 400w, https:\/\/i0.wp.com\/www.meks.ch\/wp\/wp-content\/uploads\/2026\/02\/H0-Bahnhof-neu-mn-scaled.jpg?resize=1000%2C259&amp;ssl=1 1000w, https:\/\/i0.wp.com\/www.meks.ch\/wp\/wp-content\/uploads\/2026\/02\/H0-Bahnhof-neu-mn-scaled.jpg?resize=768%2C199&amp;ssl=1 768w, https:\/\/i0.wp.com\/www.meks.ch\/wp\/wp-content\/uploads\/2026\/02\/H0-Bahnhof-neu-mn-scaled.jpg?resize=1536%2C398&amp;ssl=1 1536w, https:\/\/i0.wp.com\/www.meks.ch\/wp\/wp-content\/uploads\/2026\/02\/H0-Bahnhof-neu-mn-scaled.jpg?resize=2048%2C530&amp;ssl=1 2048w, https:\/\/i0.wp.com\/www.meks.ch\/wp\/wp-content\/uploads\/2026\/02\/H0-Bahnhof-neu-mn-scaled.jpg?w=1050&amp;ssl=1 1050w\" sizes=\"auto, (max-width: 400px) 100vw, 400px\" \/><\/a><figcaption id=\"caption-attachment-13626\" class=\"wp-caption-text\">H0: neues Bahnhofgeb\u00e4ude von mni<\/figcaption><\/figure>\r\n<p>&nbsp;<\/p>\r\n<p>&nbsp;<\/p>\r\n<p>&nbsp;<\/p>\r\n<p>&nbsp;<\/p>\r\n<p>&nbsp;<\/p>\r\n<figure id=\"attachment_13644\" aria-describedby=\"caption-attachment-13644\" style=\"width: 400px\" class=\"wp-caption alignleft\"><a href=\"https:\/\/i0.wp.com\/www.meks.ch\/wp\/wp-content\/uploads\/2026\/03\/798D36FA-39EF-4002-A214-AB9E300F37D3_1_201_a-scaled.jpeg?ssl=1\" target=\"_blank\" rel=\"noopener\"><img data-recalc-dims=\"1\" loading=\"lazy\" decoding=\"async\" class=\"wp-image-13644 size-medium\" src=\"https:\/\/i0.wp.com\/www.meks.ch\/wp\/wp-content\/uploads\/2026\/03\/798D36FA-39EF-4002-A214-AB9E300F37D3_1_201_a.jpeg?resize=400%2C191&#038;ssl=1\" alt=\"N: Abenteuer-Minitur-Golf beim Hotel MEKSBLICK\" width=\"400\" height=\"191\" srcset=\"https:\/\/i0.wp.com\/www.meks.ch\/wp\/wp-content\/uploads\/2026\/03\/798D36FA-39EF-4002-A214-AB9E300F37D3_1_201_a-scaled.jpeg?resize=400%2C191&amp;ssl=1 400w, https:\/\/i0.wp.com\/www.meks.ch\/wp\/wp-content\/uploads\/2026\/03\/798D36FA-39EF-4002-A214-AB9E300F37D3_1_201_a-scaled.jpeg?resize=1000%2C477&amp;ssl=1 1000w, https:\/\/i0.wp.com\/www.meks.ch\/wp\/wp-content\/uploads\/2026\/03\/798D36FA-39EF-4002-A214-AB9E300F37D3_1_201_a-scaled.jpeg?resize=768%2C366&amp;ssl=1 768w, https:\/\/i0.wp.com\/www.meks.ch\/wp\/wp-content\/uploads\/2026\/03\/798D36FA-39EF-4002-A214-AB9E300F37D3_1_201_a-scaled.jpeg?resize=1536%2C733&amp;ssl=1 1536w, https:\/\/i0.wp.com\/www.meks.ch\/wp\/wp-content\/uploads\/2026\/03\/798D36FA-39EF-4002-A214-AB9E300F37D3_1_201_a-scaled.jpeg?resize=2048%2C977&amp;ssl=1 2048w, https:\/\/i0.wp.com\/www.meks.ch\/wp\/wp-content\/uploads\/2026\/03\/798D36FA-39EF-4002-A214-AB9E300F37D3_1_201_a-scaled.jpeg?w=1050&amp;ssl=1 1050w\" sizes=\"auto, (max-width: 400px) 100vw, 400px\" \/><\/a><figcaption id=\"caption-attachment-13644\" class=\"wp-caption-text\">N: Abenteuer-Minitur-Golf beim Hotel MEKSBLICK von hzm<\/figcaption><\/figure>\r\n<p>&nbsp;<\/p>\r\n<p>&nbsp;<\/p>\r\n<p>&nbsp;<\/p>\r\n<p>&nbsp;<\/p>\r\n<p>&nbsp;<\/p>\r\n<p>&nbsp;<\/p>\r\n<p>&nbsp;<\/p>\r\n<p>* * * * * * * * * * * * * * * * * * * *<\/p>","protected":false},"excerpt":{"rendered":"<p>Dank Grosseinsatz von Othmar, Matthias und Fredi w\u00e4chstdie neue H0\/H0m-Anlage mit Riesenschritten!Sie war bei diversen Grossanl\u00e4ssen im Einsatz und bew\u00e4hrte sich sehr gut.Zur Zeit ist der Fahrbetrieb eingestellt. N\u00e4chstes Ziel: Besuchstage vom 29.\/30. August. &nbsp; &nbsp; &nbsp; &nbsp; &nbsp; &nbsp; &nbsp; &nbsp; * * * * * * * * * * * * * &hellip; <\/p>\n<p class=\"link-more\"><a href=\"https:\/\/www.meks.ch\/wp\/meks\/aktuelles\/\" class=\"more-link\"><span class=\"screen-reader-text\">\u201eAktuell im MEKS\u201c <\/span>weiterlesen<\/a><\/p>\n","protected":false},"author":1,"featured_media":10797,"parent":5,"menu_order":0,"comment_status":"closed","ping_status":"closed","template":"","meta":{"ngg_post_thumbnail":0,"jetpack_post_was_ever_published":false,"footnotes":""},"class_list":["post-8258","page","type-page","status-publish","has-post-thumbnail","hentry"],"yoast_head":"<!-- This site is optimized with the Yoast SEO plugin v27.4 - https:\/\/yoast.com\/product\/yoast-seo-wordpress\/ -->\n<title>Aktuell im MEKS - Modelleisenbahnklub Schaffhausen<\/title>\n<meta name=\"robots\" content=\"index, follow, max-snippet:-1, max-image-preview:large, max-video-preview:-1\" \/>\n<link rel=\"canonical\" href=\"https:\/\/www.meks.ch\/wp\/meks\/aktuelles\/\" \/>\n<meta property=\"og:locale\" content=\"de_DE\" \/>\n<meta property=\"og:type\" content=\"article\" \/>\n<meta property=\"og:title\" content=\"Aktuell im MEKS - Modelleisenbahnklub Schaffhausen\" \/>\n<meta property=\"og:description\" content=\"Dank Grosseinsatz von Othmar, Matthias und Fredi w\u00e4chstdie neue H0\/H0m-Anlage mit Riesenschritten!Sie war bei diversen Grossanl\u00e4ssen im Einsatz und bew\u00e4hrte sich sehr gut.Zur Zeit ist der Fahrbetrieb eingestellt. N\u00e4chstes Ziel: Besuchstage vom 29.\/30. August. &nbsp; &nbsp; &nbsp; &nbsp; &nbsp; &nbsp; &nbsp; &nbsp; * * * * * * * * * * * * * &hellip; \u201eAktuell im MEKS\u201c weiterlesen\" \/>\n<meta property=\"og:url\" content=\"https:\/\/www.meks.ch\/wp\/meks\/aktuelles\/\" \/>\n<meta property=\"og:site_name\" content=\"Modelleisenbahnklub Schaffhausen\" \/>\n<meta property=\"article:publisher\" content=\"https:\/\/www.facebook.com\/meksschaffhausen\/\" \/>\n<meta property=\"article:modified_time\" content=\"2026-04-05T16:21:32+00:00\" \/>\n<meta property=\"og:image\" content=\"https:\/\/www.meks.ch\/wp\/wp-content\/uploads\/2022\/08\/220730_aktuell.jpg\" \/>\n\t<meta property=\"og:image:width\" content=\"2000\" \/>\n\t<meta property=\"og:image:height\" content=\"1200\" \/>\n\t<meta property=\"og:image:type\" content=\"image\/jpeg\" \/>\n<meta name=\"twitter:card\" content=\"summary_large_image\" \/>\n<meta name=\"twitter:site\" content=\"@MEKS_Modellbahn\" \/>\n<meta name=\"twitter:label1\" content=\"Gesch\u00e4tzte Lesezeit\" \/>\n\t<meta name=\"twitter:data1\" content=\"3\u00a0Minuten\" \/>\n<script type=\"application\/ld+json\" class=\"yoast-schema-graph\">{\"@context\":\"https:\\\/\\\/schema.org\",\"@graph\":[{\"@type\":\"WebPage\",\"@id\":\"https:\\\/\\\/www.meks.ch\\\/wp\\\/meks\\\/aktuelles\\\/\",\"url\":\"https:\\\/\\\/www.meks.ch\\\/wp\\\/meks\\\/aktuelles\\\/\",\"name\":\"Aktuell im MEKS - Modelleisenbahnklub Schaffhausen\",\"isPartOf\":{\"@id\":\"https:\\\/\\\/www.meks.ch\\\/wp\\\/#website\"},\"primaryImageOfPage\":{\"@id\":\"https:\\\/\\\/www.meks.ch\\\/wp\\\/meks\\\/aktuelles\\\/#primaryimage\"},\"image\":{\"@id\":\"https:\\\/\\\/www.meks.ch\\\/wp\\\/meks\\\/aktuelles\\\/#primaryimage\"},\"thumbnailUrl\":\"https:\\\/\\\/i0.wp.com\\\/www.meks.ch\\\/wp\\\/wp-content\\\/uploads\\\/2022\\\/08\\\/220730_aktuell.jpg?fit=2000%2C1200&ssl=1\",\"datePublished\":\"2019-05-12T09:13:48+00:00\",\"dateModified\":\"2026-04-05T16:21:32+00:00\",\"breadcrumb\":{\"@id\":\"https:\\\/\\\/www.meks.ch\\\/wp\\\/meks\\\/aktuelles\\\/#breadcrumb\"},\"inLanguage\":\"de\",\"potentialAction\":[{\"@type\":\"ReadAction\",\"target\":[\"https:\\\/\\\/www.meks.ch\\\/wp\\\/meks\\\/aktuelles\\\/\"]}]},{\"@type\":\"ImageObject\",\"inLanguage\":\"de\",\"@id\":\"https:\\\/\\\/www.meks.ch\\\/wp\\\/meks\\\/aktuelles\\\/#primaryimage\",\"url\":\"https:\\\/\\\/i0.wp.com\\\/www.meks.ch\\\/wp\\\/wp-content\\\/uploads\\\/2022\\\/08\\\/220730_aktuell.jpg?fit=2000%2C1200&ssl=1\",\"contentUrl\":\"https:\\\/\\\/i0.wp.com\\\/www.meks.ch\\\/wp\\\/wp-content\\\/uploads\\\/2022\\\/08\\\/220730_aktuell.jpg?fit=2000%2C1200&ssl=1\",\"width\":2000,\"height\":1200},{\"@type\":\"BreadcrumbList\",\"@id\":\"https:\\\/\\\/www.meks.ch\\\/wp\\\/meks\\\/aktuelles\\\/#breadcrumb\",\"itemListElement\":[{\"@type\":\"ListItem\",\"position\":1,\"name\":\"Startseite\",\"item\":\"https:\\\/\\\/www.meks.ch\\\/wp\\\/\"},{\"@type\":\"ListItem\",\"position\":2,\"name\":\"Modelleisenbahnklub Schaffhausen \\\/ MEKS\",\"item\":\"https:\\\/\\\/www.meks.ch\\\/wp\\\/\"},{\"@type\":\"ListItem\",\"position\":3,\"name\":\"Aktuell im MEKS\"}]},{\"@type\":\"WebSite\",\"@id\":\"https:\\\/\\\/www.meks.ch\\\/wp\\\/#website\",\"url\":\"https:\\\/\\\/www.meks.ch\\\/wp\\\/\",\"name\":\"Modelleisenbahnklub Schaffhausen\",\"description\":\"Modelleisenbahn in Spur N, H0m, H0 &amp; IIm\",\"publisher\":{\"@id\":\"https:\\\/\\\/www.meks.ch\\\/wp\\\/#organization\"},\"potentialAction\":[{\"@type\":\"SearchAction\",\"target\":{\"@type\":\"EntryPoint\",\"urlTemplate\":\"https:\\\/\\\/www.meks.ch\\\/wp\\\/?s={search_term_string}\"},\"query-input\":{\"@type\":\"PropertyValueSpecification\",\"valueRequired\":true,\"valueName\":\"search_term_string\"}}],\"inLanguage\":\"de\"},{\"@type\":\"Organization\",\"@id\":\"https:\\\/\\\/www.meks.ch\\\/wp\\\/#organization\",\"name\":\"MEKS Modelleisenbahnklub Schaffhausen\",\"url\":\"https:\\\/\\\/www.meks.ch\\\/wp\\\/\",\"logo\":{\"@type\":\"ImageObject\",\"inLanguage\":\"de\",\"@id\":\"https:\\\/\\\/www.meks.ch\\\/wp\\\/#\\\/schema\\\/logo\\\/image\\\/\",\"url\":\"https:\\\/\\\/i1.wp.com\\\/www.meks.ch\\\/wp\\\/wp-content\\\/uploads\\\/2018\\\/05\\\/mekslogoquadratisch-2-1.jpg?fit=392%2C392&ssl=1\",\"contentUrl\":\"https:\\\/\\\/i1.wp.com\\\/www.meks.ch\\\/wp\\\/wp-content\\\/uploads\\\/2018\\\/05\\\/mekslogoquadratisch-2-1.jpg?fit=392%2C392&ssl=1\",\"width\":392,\"height\":392,\"caption\":\"MEKS Modelleisenbahnklub Schaffhausen\"},\"image\":{\"@id\":\"https:\\\/\\\/www.meks.ch\\\/wp\\\/#\\\/schema\\\/logo\\\/image\\\/\"},\"sameAs\":[\"https:\\\/\\\/www.facebook.com\\\/meksschaffhausen\\\/\",\"https:\\\/\\\/x.com\\\/MEKS_Modellbahn\"]}]}<\/script>\n<!-- \/ Yoast SEO plugin. -->","yoast_head_json":{"title":"Aktuell im MEKS - Modelleisenbahnklub Schaffhausen","robots":{"index":"index","follow":"follow","max-snippet":"max-snippet:-1","max-image-preview":"max-image-preview:large","max-video-preview":"max-video-preview:-1"},"canonical":"https:\/\/www.meks.ch\/wp\/meks\/aktuelles\/","og_locale":"de_DE","og_type":"article","og_title":"Aktuell im MEKS - Modelleisenbahnklub Schaffhausen","og_description":"Dank Grosseinsatz von Othmar, Matthias und Fredi w\u00e4chstdie neue H0\/H0m-Anlage mit Riesenschritten!Sie war bei diversen Grossanl\u00e4ssen im Einsatz und bew\u00e4hrte sich sehr gut.Zur Zeit ist der Fahrbetrieb eingestellt. N\u00e4chstes Ziel: Besuchstage vom 29.\/30. August. &nbsp; &nbsp; &nbsp; &nbsp; &nbsp; &nbsp; &nbsp; &nbsp; * * * * * * * * * * * * * &hellip; \u201eAktuell im MEKS\u201c weiterlesen","og_url":"https:\/\/www.meks.ch\/wp\/meks\/aktuelles\/","og_site_name":"Modelleisenbahnklub Schaffhausen","article_publisher":"https:\/\/www.facebook.com\/meksschaffhausen\/","article_modified_time":"2026-04-05T16:21:32+00:00","og_image":[{"width":2000,"height":1200,"url":"https:\/\/www.meks.ch\/wp\/wp-content\/uploads\/2022\/08\/220730_aktuell.jpg","type":"image\/jpeg"}],"twitter_card":"summary_large_image","twitter_site":"@MEKS_Modellbahn","twitter_misc":{"Gesch\u00e4tzte Lesezeit":"3\u00a0Minuten"},"schema":{"@context":"https:\/\/schema.org","@graph":[{"@type":"WebPage","@id":"https:\/\/www.meks.ch\/wp\/meks\/aktuelles\/","url":"https:\/\/www.meks.ch\/wp\/meks\/aktuelles\/","name":"Aktuell im MEKS - Modelleisenbahnklub Schaffhausen","isPartOf":{"@id":"https:\/\/www.meks.ch\/wp\/#website"},"primaryImageOfPage":{"@id":"https:\/\/www.meks.ch\/wp\/meks\/aktuelles\/#primaryimage"},"image":{"@id":"https:\/\/www.meks.ch\/wp\/meks\/aktuelles\/#primaryimage"},"thumbnailUrl":"https:\/\/i0.wp.com\/www.meks.ch\/wp\/wp-content\/uploads\/2022\/08\/220730_aktuell.jpg?fit=2000%2C1200&ssl=1","datePublished":"2019-05-12T09:13:48+00:00","dateModified":"2026-04-05T16:21:32+00:00","breadcrumb":{"@id":"https:\/\/www.meks.ch\/wp\/meks\/aktuelles\/#breadcrumb"},"inLanguage":"de","potentialAction":[{"@type":"ReadAction","target":["https:\/\/www.meks.ch\/wp\/meks\/aktuelles\/"]}]},{"@type":"ImageObject","inLanguage":"de","@id":"https:\/\/www.meks.ch\/wp\/meks\/aktuelles\/#primaryimage","url":"https:\/\/i0.wp.com\/www.meks.ch\/wp\/wp-content\/uploads\/2022\/08\/220730_aktuell.jpg?fit=2000%2C1200&ssl=1","contentUrl":"https:\/\/i0.wp.com\/www.meks.ch\/wp\/wp-content\/uploads\/2022\/08\/220730_aktuell.jpg?fit=2000%2C1200&ssl=1","width":2000,"height":1200},{"@type":"BreadcrumbList","@id":"https:\/\/www.meks.ch\/wp\/meks\/aktuelles\/#breadcrumb","itemListElement":[{"@type":"ListItem","position":1,"name":"Startseite","item":"https:\/\/www.meks.ch\/wp\/"},{"@type":"ListItem","position":2,"name":"Modelleisenbahnklub Schaffhausen \/ MEKS","item":"https:\/\/www.meks.ch\/wp\/"},{"@type":"ListItem","position":3,"name":"Aktuell im MEKS"}]},{"@type":"WebSite","@id":"https:\/\/www.meks.ch\/wp\/#website","url":"https:\/\/www.meks.ch\/wp\/","name":"Modelleisenbahnklub Schaffhausen","description":"Modelleisenbahn in Spur N, H0m, H0 &amp; IIm","publisher":{"@id":"https:\/\/www.meks.ch\/wp\/#organization"},"potentialAction":[{"@type":"SearchAction","target":{"@type":"EntryPoint","urlTemplate":"https:\/\/www.meks.ch\/wp\/?s={search_term_string}"},"query-input":{"@type":"PropertyValueSpecification","valueRequired":true,"valueName":"search_term_string"}}],"inLanguage":"de"},{"@type":"Organization","@id":"https:\/\/www.meks.ch\/wp\/#organization","name":"MEKS Modelleisenbahnklub Schaffhausen","url":"https:\/\/www.meks.ch\/wp\/","logo":{"@type":"ImageObject","inLanguage":"de","@id":"https:\/\/www.meks.ch\/wp\/#\/schema\/logo\/image\/","url":"https:\/\/i1.wp.com\/www.meks.ch\/wp\/wp-content\/uploads\/2018\/05\/mekslogoquadratisch-2-1.jpg?fit=392%2C392&ssl=1","contentUrl":"https:\/\/i1.wp.com\/www.meks.ch\/wp\/wp-content\/uploads\/2018\/05\/mekslogoquadratisch-2-1.jpg?fit=392%2C392&ssl=1","width":392,"height":392,"caption":"MEKS Modelleisenbahnklub Schaffhausen"},"image":{"@id":"https:\/\/www.meks.ch\/wp\/#\/schema\/logo\/image\/"},"sameAs":["https:\/\/www.facebook.com\/meksschaffhausen\/","https:\/\/x.com\/MEKS_Modellbahn"]}]}},"jetpack_sharing_enabled":true,"jetpack_shortlink":"https:\/\/wp.me\/Pa9lbR-29c","_links":{"self":[{"href":"https:\/\/www.meks.ch\/wp\/wp-json\/wp\/v2\/pages\/8258","targetHints":{"allow":["GET"]}}],"collection":[{"href":"https:\/\/www.meks.ch\/wp\/wp-json\/wp\/v2\/pages"}],"about":[{"href":"https:\/\/www.meks.ch\/wp\/wp-json\/wp\/v2\/types\/page"}],"author":[{"embeddable":true,"href":"https:\/\/www.meks.ch\/wp\/wp-json\/wp\/v2\/users\/1"}],"replies":[{"embeddable":true,"href":"https:\/\/www.meks.ch\/wp\/wp-json\/wp\/v2\/comments?post=8258"}],"version-history":[{"count":504,"href":"https:\/\/www.meks.ch\/wp\/wp-json\/wp\/v2\/pages\/8258\/revisions"}],"predecessor-version":[{"id":13682,"href":"https:\/\/www.meks.ch\/wp\/wp-json\/wp\/v2\/pages\/8258\/revisions\/13682"}],"up":[{"embeddable":true,"href":"https:\/\/www.meks.ch\/wp\/wp-json\/wp\/v2\/pages\/5"}],"wp:featuredmedia":[{"embeddable":true,"href":"https:\/\/www.meks.ch\/wp\/wp-json\/wp\/v2\/media\/10797"}],"wp:attachment":[{"href":"https:\/\/www.meks.ch\/wp\/wp-json\/wp\/v2\/media?parent=8258"}],"curies":[{"name":"wp","href":"https:\/\/api.w.org\/{rel}","templated":true}]}}