{"id":87,"date":"2015-02-19T07:43:18","date_gmt":"2015-02-19T06:43:18","guid":{"rendered":"http:\/\/www.meks.ch\/wp\/?page_id=87"},"modified":"2026-03-24T11:19:22","modified_gmt":"2026-03-24T10:19:22","slug":"geschichte","status":"publish","type":"page","link":"https:\/\/www.meks.ch\/wp\/unser-klub\/geschichte\/","title":{"rendered":"Geschichte"},"content":{"rendered":"<p><strong>Aus einem bescheiden gestarteten Verein hat sich im Laufe der Zeit ein sehr aktiver Modelleisenbahnklub mit einem attraktiven Klubhaus, eindr\u00fccklichen Anlagen und einem lebhaften Klubleben entwickelt.<\/strong><\/p>\n<p class=\"s16\">Im Januar 1980 haben sich einige Eisenbahn-Fans im damaligen Hotel Touring in der Vorstadt in Schaffhausen zu einer Orientierung in ungezwungenem Rahmen zusammengefunden. Am 21. 4. 1980 (Datum in den Statuten) erfolgte die Gr\u00fcndung des Modell-Eisenbahn-Klubs Schaffhausen, allerdings ebenfalls in ungezwungenem Rahmen, gab es doch kein Gr\u00fcndungsprotokoll, (noch) keine Statuten und keinen Vorstand. Die Gr\u00fcndungsmitglieder (Max Thierstein, Adolf Truninger, Hansueli Klopfenstein, Willi Gamper und Rolf Tiefenthaler) trafen sich einmal monatlich im Hotel Touring zum Fachsimpeln. Das erste Protokoll des MEKS stammt vom 19.9.1980. An diesem Abend wurde das erste Klublokal besichtigt, welches sich in einem SBB-Geb\u00e4ude beim G\u00fcterbahnhof befand. Alle Mitglieder mussten aufgefordert werden, an der n\u00e4chsten Versammlung einen Stuhl mitzubringen, da das Lokal v\u00f6llig leer war. Im Hotel Touring wurde anschliessend ein Statutenentwurf \u00fcberarbeitet und erste \u00c4mter verteilt (Kassier: A. Truninger \/ Aktuar: H.U. Klopfenstein \/ Reiseleiter: M. Thierstein).<\/p>\n<p class=\"s16\">1981 trafen sich die Mitglieder alle vierzehn Tage im Klublokal. Die Klubt\u00e4tigkeit war gepr\u00e4gt durch zahlreiche Reisen. Der geplante Bau einer Teststrecke in Spur N wurde wieder fallengelassen, da man Geleise von dieser Gr\u00f6sse glaubte nicht selber verlegen zu k\u00f6nnen. Die Planung sah stattdessen vor, eine ausgedehnte H0m-Anlage mit integrierter Spur H0 zu bauen. Der Mitgliederbeitrag war auf Fr. 250.- j\u00e4hrlich festgesetzt.<\/p>\n<p class=\"s16\">1982 plante man den Umzug in ein neues Klublokal, zuerst in eine 2-Zimmer-Mietwohnung, schliesslich in die Baracke der Stadt Schaffhausen im M\u00fchlental, welche noch heute den MEKS beherbergt. Der Mietpreis betrug schon damals Fr. 30.- pro Monat, allerdinges erst nach einer Intervention, verlangte die Stadt doch zuerst Fr. 50.- ! Der Bau von Modellanlagen ging nun rasch vorw\u00e4rts (f\u00fcr einige Mitglieder sogar zu rassig, unter Vernachl\u00e4ssigung der gew\u00fcnschten Qualit\u00e4tsanspr\u00fcche). In relativ kurzer Zeit entstand eine grosse H0-Anlage mit integrierter H0m-Spur. Daneben plante man eine Anlage in Spur N. Kurzfristig hiess der Klub Modelleisenbahnklub Schaffhausen\/Neuhausen am Rheinfall. G\u00e4ste durften h\u00f6chstens drei bis vier &#8222;Schnupperbesuche&#8220; im Klub machen. Nachher wurde ein Beitritt gew\u00fcnscht, um nicht &#8222;Dauerbesucher&#8220; im Klubhaus zu haben.<\/p>\n<p class=\"s16\">1983 wurde erstmals offiziell ein Vorstand gew\u00e4hlt mit M. Thierstein als Pr\u00e4sident, A. Truninger als Kassier, H.U. Klopfenstein als Aktuar und R. Spahn als Anlagenchef. Der H0-H0m-Anlagenbau schritt t\u00fcchtig voran, f\u00fcr die N-Anlage wurde vorerst einmal ein Unterbau erstellt. Im Klubhaus wurden durch Entfernen von W\u00e4nden diverse Ver\u00e4nderungen vorgenommen, mit zum Teil recht gef\u00e4hrlichen Elektro-Installations-Relikten.<\/p>\n<p class=\"s16\">1984 wurden in mehreren Etappen die Statuten \u00fcberarbeitet. An der GV vom 29.3.1985 nahm der Klub die in den Grunds\u00e4tzen noch heutige g\u00fcltigen Statuten an. Der MEKS erhielt Strukturen, die ihn funktions- und lebenst\u00fcchtig machten. 1994 erfolgte die Einf\u00fchrung von verschiedenen Ressorts mit Ressortleitern.<\/p>\n<p class=\"s16\">Das Klubhaus im M\u00fchlental geh\u00f6rt der Stadt Schaffhausen. Der Innenausbau mit den Anlagen ist Klubbesitz. Die ehemalige Fremdarbeiter-Baracke hat im Laufe der Zeit immer wieder Umbauten und grosse Ver\u00e4nderungen erlebt. Es ist ein attraktives Klublokal entstanden. Auf der Westseite befindet sich ein grosser Anbau mit einer Grillstelle und der Grosspuranlage. 2008\/2009 konnte erfreulicherweise auf der Ostseite dank Sponsoren ein Anbau mit Werkstatt, Aufenthaltsraum und K\u00fcche realisiert werden. 2017 wurde das ganze Dach erneuert (Eternit-Asbest-Sanierung). 2019 und 2020 wurde f\u00fcr die IIm-Anlage auf der R\u00fcckseite des Geb\u00e4udes eine absturzsichere Galerie mit &#8222;Veranda&#8220; angebaut.<\/p>\n<p class=\"s16\">Die meisten Vorstandsmitglieder blieben ihrem Amt \u00fcber viele Jahre treu.<\/p>\n<p class=\"s16\"><strong>Pr\u00e4sident:<\/strong>&nbsp;Max Thierstein 1980-1986 \/ Heinz W\u00fcest 1986 &#8211; 2003 \/ Othmar Naef 2003-2016 \/ Alfred Nyffenegger seit 2016<br \/>\n<strong>Vizepr\u00e4sident<\/strong>: Robert Spahn 1982-1999 \/ Hanspeter H\u00e4mmerli 1999-2005 \/ Heinz M\u00fcller 2005-2018 \/ Martin Bliestle seit 2018<br \/>\n<strong>Aktuar:<\/strong>&nbsp;Hansueli Klopfenstein 1980-1986 \/ Heinz M\u00fcller 1986-2018 \/ Martin Bliestle seit 2018<br \/>\n<strong>Kassier:<\/strong>&nbsp;Adolf Truninger 1980-1986 \/ Hansueli Klopfenstein seit 1986<br \/>\n<strong>Klubhauswart:<\/strong> Robert Spahn 1982-1995 \/ Hanspeter H\u00e4mmerli 1995-2005 \/ Mike Heining 2005-2010 \/ Ueli Meier 2011-2017 \/ Matthias Maier 2017-2025 \/ seit 2025 Othmar Naef<br \/>\n<strong>Beisitzer:<\/strong>&nbsp;Heinz M\u00fcller 1985-1986 \/ Adolf Truninger 1986-1988 \/ Raymond Piguet 1988-1990 \/ Othmar Naef 1990-1995 \/ Hanspeter H\u00e4mmerli 1995-1999 \/ Othmar Naef 1999-2003 \/ Kurt Zimmermann seit 2003<\/p>\n<p class=\"s16\">Der MEKS, anf\u00e4ngliche eine reine M\u00e4nnergesellschaft, erlebte in seinem Klubleben eine entscheidende Wende, als 1988 viele Frauen als Passivmitglieder beitraten und sich fortan sehr aktiv am Familiensonntag, Grillabenden, Jahresschluss, Klubreise und an der Generalversammlung beteiligten. Diese Anl\u00e4sse sind aus unserem Jahresprogramm nicht mehr wegzudenken. Seit 2002 hat der MEKS auch weibliche Aktivmitglieder.<\/p>\n<p class=\"s16\">Ein H\u00f6hepunkt im Jahresablauf ist immer wieder die Klubreise, die zu attraktiven und interessanten Eisenbahn-Reisezielen f\u00fchrt. Weitere Reise-H\u00f6hepunkte waren bestimmt auch die Oster-Reisen, die Heinz W\u00fcest w\u00e4hrend seiner Pr\u00e4sidialzeit immer am Gr\u00fcn-Donnerstag organisierte.<\/p>\n<p class=\"s16\">Seit 1990 erscheint regelm\u00e4ssig ein Klubheft zur Generalversammlung mit s\u00e4mtlichen wichtigen Unterlagen und seit 2000 ist der MEKS im Internet pr\u00e4sent:&nbsp;<a title=\"Homepage des Modelleisenbahnklubs Schaffhausen\" href=\"https:\/\/meks.ch\/\" target=\"_blank\" rel=\"noopener noreferrer\">www.meks.ch<\/a>.<\/p>\n<p class=\"s16\">Der Kontakt mit anderen Eisenbahnklubs wird rege gepflegt, speziell zu den Schaffhauser Nachbarn, dem Eisenbahn-Amateur-Klub Schaffhausen (<a href=\"https:\/\/www.eaks.club\/\" target=\"_blank\" rel=\"noopener noreferrer\">EAKS<\/a>), dem Eisenbahn-Amateur-Klub Feuerthalen (EAKF), unseren MEKS-Namensvettern in Schenkon (<a title=\"Modelleisenbahnklub Schenkon\" href=\"http:\/\/meks-schenkon.ch\/\" target=\"_blank\" rel=\"noopener noreferrer\">MEKS<\/a>) und ganz speziell mit den &#8222;Trossingern&#8220; (<a title=\"Modelleisenbahnfreunde am oberen Neckar Schwenningen\" href=\"http:\/\/www.modelleisenbahnfreunde.de\/\" target=\"_blank\" rel=\"noopener noreferrer\">Modelleisenbahnfreunde am oberen Neckar<\/a>). Daneben gibt es regelm\u00e4ssig Besuche von oder bei anderen Klubs.<\/p>\n<p class=\"s16\">Seit 1996 werden im Zweijahresturnus Besuchstage durchgef\u00fchrt (abwechselnd mit dem&nbsp;<a title=\"Eisenbahn-Amateur-Klub Schaffhausen\" href=\"https:\/\/eaks.club\/\" target=\"_blank\" rel=\"noopener noreferrer\">EAKS<\/a>). Jedes Mal ist dies ein sehr erfreulicher Grossanlass, an welchem den unz\u00e4hligen Modellbahnbegeisterten aus allen Bev\u00f6lkerungsschichten ein pausenloser Grossbetrieb auf unseren Anlagen gezeigt wird. Diese Besuchstage sind Ansporn zur Weiterentwicklung und selbstverst\u00e4ndlich auch eine M\u00f6glichkeit, das Vereinsbudget zu verbessern. Seit den Besuchstagen 2002 besitzt der MEKS ein Klubtenue: gelbe T-Shirts mit Klub-Logo und einer roten Re 460. Im Fr\u00fchjahr 2017 wurde es ersetzt durch bordeaux-rote T-Shirts und Hemden mit aufgesticktem MEKS-Logo.<\/p>\n<p class=\"s16\">Der Modell-Eisenbahn-Klub Schaffhausen hat etwa&nbsp; 65 Mitglieder. Jeweils am Freitag finden Bau- oder Fahrabende statt. Auf drei grossen Anlagen verkehrt in Spur IIm, H0\/H0m und N das private Rollmaterial der Klubmitglieder. Es finden mit Beteiligung von Familienangeh\u00f6rigen auch regelm\u00e4ssig&nbsp; Grillabende, Klubreisen, ein Tag der Modelleisenbahn und ein Jahresschlussfest statt.<\/p>\n<p>Seit 2000 hat der MEKS eine Homepage, zum Start als Unter-Domain eines Gratisanbieters und seit 2002 mit eigener Domain: <strong><a href=\"https:\/\/meks.ch\/wp\">https:\/\/meks.ch<\/a><\/strong>.<\/p>\n","protected":false},"excerpt":{"rendered":"<p>Aus einem bescheiden gestarteten Verein hat sich im Laufe der Zeit ein sehr aktiver Modelleisenbahnklub mit einem attraktiven Klubhaus, eindr\u00fccklichen Anlagen und einem lebhaften Klubleben entwickelt. Im Januar 1980 haben sich einige Eisenbahn-Fans im damaligen Hotel Touring in der Vorstadt in Schaffhausen zu einer Orientierung in ungezwungenem Rahmen zusammengefunden. Am 21. 4. 1980 (Datum in &hellip; <\/p>\n<p class=\"link-more\"><a href=\"https:\/\/www.meks.ch\/wp\/unser-klub\/geschichte\/\" class=\"more-link\"><span class=\"screen-reader-text\">\u201eGeschichte\u201c <\/span>weiterlesen<\/a><\/p>\n","protected":false},"author":1,"featured_media":9654,"parent":51,"menu_order":4,"comment_status":"closed","ping_status":"closed","template":"","meta":{"ngg_post_thumbnail":0,"jetpack_post_was_ever_published":false,"footnotes":""},"class_list":["post-87","page","type-page","status-publish","has-post-thumbnail","hentry"],"yoast_head":"<!-- This site is optimized with the Yoast SEO plugin v27.4 - https:\/\/yoast.com\/product\/yoast-seo-wordpress\/ -->\n<title>Geschichte - Modelleisenbahnklub Schaffhausen<\/title>\n<meta name=\"robots\" content=\"index, follow, max-snippet:-1, max-image-preview:large, max-video-preview:-1\" \/>\n<link rel=\"canonical\" href=\"https:\/\/www.meks.ch\/wp\/unser-klub\/geschichte\/\" \/>\n<meta property=\"og:locale\" content=\"de_DE\" \/>\n<meta property=\"og:type\" content=\"article\" \/>\n<meta property=\"og:title\" content=\"Geschichte - Modelleisenbahnklub Schaffhausen\" \/>\n<meta property=\"og:description\" content=\"Aus einem bescheiden gestarteten Verein hat sich im Laufe der Zeit ein sehr aktiver Modelleisenbahnklub mit einem attraktiven Klubhaus, eindr\u00fccklichen Anlagen und einem lebhaften Klubleben entwickelt. Im Januar 1980 haben sich einige Eisenbahn-Fans im damaligen Hotel Touring in der Vorstadt in Schaffhausen zu einer Orientierung in ungezwungenem Rahmen zusammengefunden. Am 21. 4. 1980 (Datum in &hellip; \u201eGeschichte\u201c weiterlesen\" \/>\n<meta property=\"og:url\" content=\"https:\/\/www.meks.ch\/wp\/unser-klub\/geschichte\/\" \/>\n<meta property=\"og:site_name\" content=\"Modelleisenbahnklub Schaffhausen\" \/>\n<meta property=\"article:publisher\" content=\"https:\/\/www.facebook.com\/meksschaffhausen\/\" \/>\n<meta property=\"article:modified_time\" content=\"2026-03-24T10:19:22+00:00\" \/>\n<meta property=\"og:image\" content=\"https:\/\/www.meks.ch\/wp\/wp-content\/uploads\/2020\/08\/geschichte2.jpg\" \/>\n\t<meta property=\"og:image:width\" content=\"2000\" \/>\n\t<meta property=\"og:image:height\" content=\"1200\" \/>\n\t<meta property=\"og:image:type\" content=\"image\/jpeg\" \/>\n<meta name=\"twitter:card\" content=\"summary_large_image\" \/>\n<meta name=\"twitter:site\" content=\"@MEKS_Modellbahn\" \/>\n<meta name=\"twitter:label1\" content=\"Gesch\u00e4tzte Lesezeit\" \/>\n\t<meta name=\"twitter:data1\" content=\"6\u00a0Minuten\" \/>\n<script type=\"application\/ld+json\" class=\"yoast-schema-graph\">{\"@context\":\"https:\\\/\\\/schema.org\",\"@graph\":[{\"@type\":\"WebPage\",\"@id\":\"https:\\\/\\\/www.meks.ch\\\/wp\\\/unser-klub\\\/geschichte\\\/\",\"url\":\"https:\\\/\\\/www.meks.ch\\\/wp\\\/unser-klub\\\/geschichte\\\/\",\"name\":\"Geschichte - Modelleisenbahnklub Schaffhausen\",\"isPartOf\":{\"@id\":\"https:\\\/\\\/www.meks.ch\\\/wp\\\/#website\"},\"primaryImageOfPage\":{\"@id\":\"https:\\\/\\\/www.meks.ch\\\/wp\\\/unser-klub\\\/geschichte\\\/#primaryimage\"},\"image\":{\"@id\":\"https:\\\/\\\/www.meks.ch\\\/wp\\\/unser-klub\\\/geschichte\\\/#primaryimage\"},\"thumbnailUrl\":\"https:\\\/\\\/i0.wp.com\\\/www.meks.ch\\\/wp\\\/wp-content\\\/uploads\\\/2020\\\/08\\\/geschichte2.jpg?fit=2000%2C1200&ssl=1\",\"datePublished\":\"2015-02-19T06:43:18+00:00\",\"dateModified\":\"2026-03-24T10:19:22+00:00\",\"breadcrumb\":{\"@id\":\"https:\\\/\\\/www.meks.ch\\\/wp\\\/unser-klub\\\/geschichte\\\/#breadcrumb\"},\"inLanguage\":\"de\",\"potentialAction\":[{\"@type\":\"ReadAction\",\"target\":[\"https:\\\/\\\/www.meks.ch\\\/wp\\\/unser-klub\\\/geschichte\\\/\"]}]},{\"@type\":\"ImageObject\",\"inLanguage\":\"de\",\"@id\":\"https:\\\/\\\/www.meks.ch\\\/wp\\\/unser-klub\\\/geschichte\\\/#primaryimage\",\"url\":\"https:\\\/\\\/i0.wp.com\\\/www.meks.ch\\\/wp\\\/wp-content\\\/uploads\\\/2020\\\/08\\\/geschichte2.jpg?fit=2000%2C1200&ssl=1\",\"contentUrl\":\"https:\\\/\\\/i0.wp.com\\\/www.meks.ch\\\/wp\\\/wp-content\\\/uploads\\\/2020\\\/08\\\/geschichte2.jpg?fit=2000%2C1200&ssl=1\",\"width\":2000,\"height\":1200,\"caption\":\"geschichte\"},{\"@type\":\"BreadcrumbList\",\"@id\":\"https:\\\/\\\/www.meks.ch\\\/wp\\\/unser-klub\\\/geschichte\\\/#breadcrumb\",\"itemListElement\":[{\"@type\":\"ListItem\",\"position\":1,\"name\":\"Startseite\",\"item\":\"https:\\\/\\\/www.meks.ch\\\/wp\\\/\"},{\"@type\":\"ListItem\",\"position\":2,\"name\":\"Klub\",\"item\":\"https:\\\/\\\/www.meks.ch\\\/wp\\\/unser-klub\\\/\"},{\"@type\":\"ListItem\",\"position\":3,\"name\":\"Geschichte\"}]},{\"@type\":\"WebSite\",\"@id\":\"https:\\\/\\\/www.meks.ch\\\/wp\\\/#website\",\"url\":\"https:\\\/\\\/www.meks.ch\\\/wp\\\/\",\"name\":\"Modelleisenbahnklub Schaffhausen\",\"description\":\"Modelleisenbahn in Spur N, H0m, H0 &amp; IIm\",\"publisher\":{\"@id\":\"https:\\\/\\\/www.meks.ch\\\/wp\\\/#organization\"},\"potentialAction\":[{\"@type\":\"SearchAction\",\"target\":{\"@type\":\"EntryPoint\",\"urlTemplate\":\"https:\\\/\\\/www.meks.ch\\\/wp\\\/?s={search_term_string}\"},\"query-input\":{\"@type\":\"PropertyValueSpecification\",\"valueRequired\":true,\"valueName\":\"search_term_string\"}}],\"inLanguage\":\"de\"},{\"@type\":\"Organization\",\"@id\":\"https:\\\/\\\/www.meks.ch\\\/wp\\\/#organization\",\"name\":\"MEKS Modelleisenbahnklub Schaffhausen\",\"url\":\"https:\\\/\\\/www.meks.ch\\\/wp\\\/\",\"logo\":{\"@type\":\"ImageObject\",\"inLanguage\":\"de\",\"@id\":\"https:\\\/\\\/www.meks.ch\\\/wp\\\/#\\\/schema\\\/logo\\\/image\\\/\",\"url\":\"https:\\\/\\\/i1.wp.com\\\/www.meks.ch\\\/wp\\\/wp-content\\\/uploads\\\/2018\\\/05\\\/mekslogoquadratisch-2-1.jpg?fit=392%2C392&ssl=1\",\"contentUrl\":\"https:\\\/\\\/i1.wp.com\\\/www.meks.ch\\\/wp\\\/wp-content\\\/uploads\\\/2018\\\/05\\\/mekslogoquadratisch-2-1.jpg?fit=392%2C392&ssl=1\",\"width\":392,\"height\":392,\"caption\":\"MEKS Modelleisenbahnklub Schaffhausen\"},\"image\":{\"@id\":\"https:\\\/\\\/www.meks.ch\\\/wp\\\/#\\\/schema\\\/logo\\\/image\\\/\"},\"sameAs\":[\"https:\\\/\\\/www.facebook.com\\\/meksschaffhausen\\\/\",\"https:\\\/\\\/x.com\\\/MEKS_Modellbahn\"]}]}<\/script>\n<!-- \/ Yoast SEO plugin. -->","yoast_head_json":{"title":"Geschichte - Modelleisenbahnklub Schaffhausen","robots":{"index":"index","follow":"follow","max-snippet":"max-snippet:-1","max-image-preview":"max-image-preview:large","max-video-preview":"max-video-preview:-1"},"canonical":"https:\/\/www.meks.ch\/wp\/unser-klub\/geschichte\/","og_locale":"de_DE","og_type":"article","og_title":"Geschichte - Modelleisenbahnklub Schaffhausen","og_description":"Aus einem bescheiden gestarteten Verein hat sich im Laufe der Zeit ein sehr aktiver Modelleisenbahnklub mit einem attraktiven Klubhaus, eindr\u00fccklichen Anlagen und einem lebhaften Klubleben entwickelt. Im Januar 1980 haben sich einige Eisenbahn-Fans im damaligen Hotel Touring in der Vorstadt in Schaffhausen zu einer Orientierung in ungezwungenem Rahmen zusammengefunden. Am 21. 4. 1980 (Datum in &hellip; \u201eGeschichte\u201c weiterlesen","og_url":"https:\/\/www.meks.ch\/wp\/unser-klub\/geschichte\/","og_site_name":"Modelleisenbahnklub Schaffhausen","article_publisher":"https:\/\/www.facebook.com\/meksschaffhausen\/","article_modified_time":"2026-03-24T10:19:22+00:00","og_image":[{"width":2000,"height":1200,"url":"https:\/\/www.meks.ch\/wp\/wp-content\/uploads\/2020\/08\/geschichte2.jpg","type":"image\/jpeg"}],"twitter_card":"summary_large_image","twitter_site":"@MEKS_Modellbahn","twitter_misc":{"Gesch\u00e4tzte Lesezeit":"6\u00a0Minuten"},"schema":{"@context":"https:\/\/schema.org","@graph":[{"@type":"WebPage","@id":"https:\/\/www.meks.ch\/wp\/unser-klub\/geschichte\/","url":"https:\/\/www.meks.ch\/wp\/unser-klub\/geschichte\/","name":"Geschichte - Modelleisenbahnklub Schaffhausen","isPartOf":{"@id":"https:\/\/www.meks.ch\/wp\/#website"},"primaryImageOfPage":{"@id":"https:\/\/www.meks.ch\/wp\/unser-klub\/geschichte\/#primaryimage"},"image":{"@id":"https:\/\/www.meks.ch\/wp\/unser-klub\/geschichte\/#primaryimage"},"thumbnailUrl":"https:\/\/i0.wp.com\/www.meks.ch\/wp\/wp-content\/uploads\/2020\/08\/geschichte2.jpg?fit=2000%2C1200&ssl=1","datePublished":"2015-02-19T06:43:18+00:00","dateModified":"2026-03-24T10:19:22+00:00","breadcrumb":{"@id":"https:\/\/www.meks.ch\/wp\/unser-klub\/geschichte\/#breadcrumb"},"inLanguage":"de","potentialAction":[{"@type":"ReadAction","target":["https:\/\/www.meks.ch\/wp\/unser-klub\/geschichte\/"]}]},{"@type":"ImageObject","inLanguage":"de","@id":"https:\/\/www.meks.ch\/wp\/unser-klub\/geschichte\/#primaryimage","url":"https:\/\/i0.wp.com\/www.meks.ch\/wp\/wp-content\/uploads\/2020\/08\/geschichte2.jpg?fit=2000%2C1200&ssl=1","contentUrl":"https:\/\/i0.wp.com\/www.meks.ch\/wp\/wp-content\/uploads\/2020\/08\/geschichte2.jpg?fit=2000%2C1200&ssl=1","width":2000,"height":1200,"caption":"geschichte"},{"@type":"BreadcrumbList","@id":"https:\/\/www.meks.ch\/wp\/unser-klub\/geschichte\/#breadcrumb","itemListElement":[{"@type":"ListItem","position":1,"name":"Startseite","item":"https:\/\/www.meks.ch\/wp\/"},{"@type":"ListItem","position":2,"name":"Klub","item":"https:\/\/www.meks.ch\/wp\/unser-klub\/"},{"@type":"ListItem","position":3,"name":"Geschichte"}]},{"@type":"WebSite","@id":"https:\/\/www.meks.ch\/wp\/#website","url":"https:\/\/www.meks.ch\/wp\/","name":"Modelleisenbahnklub Schaffhausen","description":"Modelleisenbahn in Spur N, H0m, H0 &amp; IIm","publisher":{"@id":"https:\/\/www.meks.ch\/wp\/#organization"},"potentialAction":[{"@type":"SearchAction","target":{"@type":"EntryPoint","urlTemplate":"https:\/\/www.meks.ch\/wp\/?s={search_term_string}"},"query-input":{"@type":"PropertyValueSpecification","valueRequired":true,"valueName":"search_term_string"}}],"inLanguage":"de"},{"@type":"Organization","@id":"https:\/\/www.meks.ch\/wp\/#organization","name":"MEKS Modelleisenbahnklub Schaffhausen","url":"https:\/\/www.meks.ch\/wp\/","logo":{"@type":"ImageObject","inLanguage":"de","@id":"https:\/\/www.meks.ch\/wp\/#\/schema\/logo\/image\/","url":"https:\/\/i1.wp.com\/www.meks.ch\/wp\/wp-content\/uploads\/2018\/05\/mekslogoquadratisch-2-1.jpg?fit=392%2C392&ssl=1","contentUrl":"https:\/\/i1.wp.com\/www.meks.ch\/wp\/wp-content\/uploads\/2018\/05\/mekslogoquadratisch-2-1.jpg?fit=392%2C392&ssl=1","width":392,"height":392,"caption":"MEKS Modelleisenbahnklub Schaffhausen"},"image":{"@id":"https:\/\/www.meks.ch\/wp\/#\/schema\/logo\/image\/"},"sameAs":["https:\/\/www.facebook.com\/meksschaffhausen\/","https:\/\/x.com\/MEKS_Modellbahn"]}]}},"jetpack_sharing_enabled":true,"jetpack_shortlink":"https:\/\/wp.me\/Pa9lbR-1p","_links":{"self":[{"href":"https:\/\/www.meks.ch\/wp\/wp-json\/wp\/v2\/pages\/87","targetHints":{"allow":["GET"]}}],"collection":[{"href":"https:\/\/www.meks.ch\/wp\/wp-json\/wp\/v2\/pages"}],"about":[{"href":"https:\/\/www.meks.ch\/wp\/wp-json\/wp\/v2\/types\/page"}],"author":[{"embeddable":true,"href":"https:\/\/www.meks.ch\/wp\/wp-json\/wp\/v2\/users\/1"}],"replies":[{"embeddable":true,"href":"https:\/\/www.meks.ch\/wp\/wp-json\/wp\/v2\/comments?post=87"}],"version-history":[{"count":19,"href":"https:\/\/www.meks.ch\/wp\/wp-json\/wp\/v2\/pages\/87\/revisions"}],"predecessor-version":[{"id":13665,"href":"https:\/\/www.meks.ch\/wp\/wp-json\/wp\/v2\/pages\/87\/revisions\/13665"}],"up":[{"embeddable":true,"href":"https:\/\/www.meks.ch\/wp\/wp-json\/wp\/v2\/pages\/51"}],"wp:featuredmedia":[{"embeddable":true,"href":"https:\/\/www.meks.ch\/wp\/wp-json\/wp\/v2\/media\/9654"}],"wp:attachment":[{"href":"https:\/\/www.meks.ch\/wp\/wp-json\/wp\/v2\/media?parent=87"}],"curies":[{"name":"wp","href":"https:\/\/api.w.org\/{rel}","templated":true}]}}